{"id":2887,"date":"2021-12-07T09:00:10","date_gmt":"2021-12-07T09:00:10","guid":{"rendered":"https:\/\/marc-market.ch\/?page_id=2887"},"modified":"2024-11-18T01:27:26","modified_gmt":"2024-11-18T01:27:26","slug":"baumaschinen","status":"publish","type":"page","link":"https:\/\/marc-market.ch\/index.php\/baumaschinen\/","title":{"rendered":"baumaschinen"},"content":{"rendered":"<p><a href=\"https:\/\/marc-market.ch\/\">Wir kaufen Baumaschinen und Landmaschinen in der ganzen Schweiz ??<br \/>\nDer Zustand sowie die Stundenzahl spielen keine Rolle.<br \/>\nWir interessieren uns auch f\u00fcr Defekte Maschinen, \u00f6lverlust, Motorschaden,Kupplungsschaden etc&#8230;.<\/a><\/p>\n<p>Wir kaufen LKW, Gel\u00e4ndewagen, Wohnmobilen<br \/>\nunabh\u00e4ngig von Jahr und Zustand, schnell , unkompliziert, seri\u00f6s und auf Wunsch wird kostenlos abgeholt<\/p>\n","protected":false},"excerpt":{"rendered":"<p>Wir kaufen Baumaschinen und Landmaschinen in der ganzen Schweiz ?? Der Zustand sowie die Stundenzahl spielen keine Rolle. Wir interessieren uns auch f\u00fcr Defekte Maschinen, \u00f6lverlust, Motorschaden,Kupplungsschaden etc&#8230;. Wir kaufen LKW, Gel\u00e4ndewagen, Wohnmobilen unabh\u00e4ngig von Jahr und Zustand, schnell , unkompliziert, seri\u00f6s und auf Wunsch wird kostenlos abgeholt<\/p>\n","protected":false},"author":4,"featured_media":0,"parent":0,"menu_order":0,"comment_status":"closed","ping_status":"closed","template":"","meta":{"footnotes":""},"class_list":["post-2887","page","type-page","status-publish","hentry"],"_links":{"self":[{"href":"https:\/\/marc-market.ch\/index.php\/wp-json\/wp\/v2\/pages\/2887","targetHints":{"allow":["GET"]}}],"collection":[{"href":"https:\/\/marc-market.ch\/index.php\/wp-json\/wp\/v2\/pages"}],"about":[{"href":"https:\/\/marc-market.ch\/index.php\/wp-json\/wp\/v2\/types\/page"}],"author":[{"embeddable":true,"href":"https:\/\/marc-market.ch\/index.php\/wp-json\/wp\/v2\/users\/4"}],"replies":[{"embeddable":true,"href":"https:\/\/marc-market.ch\/index.php\/wp-json\/wp\/v2\/comments?post=2887"}],"version-history":[{"count":6,"href":"https:\/\/marc-market.ch\/index.php\/wp-json\/wp\/v2\/pages\/2887\/revisions"}],"predecessor-version":[{"id":12405,"href":"https:\/\/marc-market.ch\/index.php\/wp-json\/wp\/v2\/pages\/2887\/revisions\/12405"}],"wp:attachment":[{"href":"https:\/\/marc-market.ch\/index.php\/wp-json\/wp\/v2\/media?parent=2887"}],"curies":[{"name":"wp","href":"https:\/\/api.w.org\/{rel}","templated":true}]}}